{"id":4064,"date":"2021-07-13T12:08:32","date_gmt":"2021-07-13T12:08:32","guid":{"rendered":"https:\/\/v220210444402149283.megasrv.de\/awards\/"},"modified":"2025-08-01T12:26:07","modified_gmt":"2025-08-01T12:26:07","slug":"auszeichnungen","status":"publish","type":"page","link":"https:\/\/www.blickfeld.com\/de\/auszeichnungen\/","title":{"rendered":"Auszeichnungen"},"content":{"rendered":"\t\t<div data-elementor-type=\"wp-page\" data-elementor-id=\"4064\" class=\"elementor elementor-4064 elementor-2414\" data-elementor-post-type=\"page\">\n\t\t\t\t\t\t<section class=\"elementor-section elementor-top-section elementor-element elementor-element-5718ddc elementor-section-boxed elementor-section-height-default elementor-section-height-default\" data-id=\"5718ddc\" data-element_type=\"section\" data-e-type=\"section\">\n\t\t\t\t\t\t<div class=\"elementor-container elementor-column-gap-default\">\n\t\t\t\t\t<div class=\"elementor-column elementor-col-100 elementor-top-column elementor-element elementor-element-6d51e15\" data-id=\"6d51e15\" data-element_type=\"column\" data-e-type=\"column\">\n\t\t\t<div class=\"elementor-widget-wrap elementor-element-populated\">\n\t\t\t\t\t\t<div class=\"elementor-element elementor-element-28a497e elementor-widget elementor-widget-heading\" data-id=\"28a497e\" data-element_type=\"widget\" data-e-type=\"widget\" data-widget_type=\"heading.default\">\n\t\t\t\t<div class=\"elementor-widget-container\">\n\t\t\t\t\t<h1 class=\"elementor-heading-title elementor-size-default\">Awards<\/h1>\t\t\t\t<\/div>\n\t\t\t\t<\/div>\n\t\t\t\t<div class=\"elementor-element elementor-element-822b7a2 elementor-widget elementor-widget-text-editor\" data-id=\"822b7a2\" data-element_type=\"widget\" data-e-type=\"widget\" data-widget_type=\"text-editor.default\">\n\t\t\t\t<div class=\"elementor-widget-container\">\n\t\t\t\t\t\t\t\t\t<p>Blickfeld wurde f\u00fcr seine herausragende Technologie mit einer Vielzahl von renommierten Preisen ausgezeichnet.<\/p>\t\t\t\t\t\t\t\t<\/div>\n\t\t\t\t<\/div>\n\t\t\t\t<div class=\"elementor-element elementor-element-f5d0e6a elementor-widget elementor-widget-heading\" data-id=\"f5d0e6a\" data-element_type=\"widget\" data-e-type=\"widget\" data-widget_type=\"heading.default\">\n\t\t\t\t<div class=\"elementor-widget-container\">\n\t\t\t\t\t<h3 class=\"elementor-heading-title elementor-size-default\">Hervorgehobene Auswahl an Auszeichnungen<\/h3>\t\t\t\t<\/div>\n\t\t\t\t<\/div>\n\t\t\t\t<div class=\"elementor-element elementor-element-bfabed8 elementor-widget elementor-widget-jet-listing-grid\" data-id=\"bfabed8\" data-element_type=\"widget\" data-e-type=\"widget\" data-settings=\"{&quot;columns&quot;:&quot;3&quot;,&quot;columns_tablet&quot;:&quot;2&quot;,&quot;columns_mobile&quot;:&quot;1&quot;}\" data-widget_type=\"jet-listing-grid.default\">\n\t\t\t\t<div class=\"elementor-widget-container\">\n\t\t\t\t\t<div class=\"jet-listing-grid jet-listing\"><div class=\"jet-listing-grid__items grid-col-desk-3 grid-col-tablet-2 grid-col-mobile-1 jet-listing-grid--2411 jet-equal-columns__wrapper\" data-queried-id=\"4064|WP_Post\" data-nav=\"{&quot;enabled&quot;:false,&quot;type&quot;:null,&quot;more_el&quot;:null,&quot;query&quot;:[],&quot;widget_settings&quot;:{&quot;lisitng_id&quot;:2411,&quot;posts_num&quot;:99,&quot;columns&quot;:3,&quot;columns_tablet&quot;:2,&quot;columns_mobile&quot;:1,&quot;column_min_width&quot;:240,&quot;column_min_width_tablet&quot;:240,&quot;column_min_width_mobile&quot;:240,&quot;inline_columns_css&quot;:false,&quot;is_archive_template&quot;:&quot;&quot;,&quot;post_status&quot;:[&quot;publish&quot;],&quot;use_random_posts_num&quot;:&quot;&quot;,&quot;max_posts_num&quot;:9,&quot;not_found_message&quot;:&quot;No awards found&quot;,&quot;is_masonry&quot;:false,&quot;equal_columns_height&quot;:&quot;yes&quot;,&quot;use_load_more&quot;:&quot;&quot;,&quot;load_more_id&quot;:&quot;&quot;,&quot;load_more_type&quot;:&quot;click&quot;,&quot;load_more_offset&quot;:{&quot;unit&quot;:&quot;px&quot;,&quot;size&quot;:0,&quot;sizes&quot;:[]},&quot;use_custom_post_types&quot;:&quot;&quot;,&quot;custom_post_types&quot;:[],&quot;hide_widget_if&quot;:&quot;&quot;,&quot;carousel_enabled&quot;:&quot;&quot;,&quot;slides_to_scroll&quot;:&quot;1&quot;,&quot;arrows&quot;:&quot;true&quot;,&quot;arrow_icon&quot;:&quot;fa fa-angle-left&quot;,&quot;dots&quot;:&quot;&quot;,&quot;autoplay&quot;:&quot;true&quot;,&quot;pause_on_hover&quot;:&quot;true&quot;,&quot;autoplay_speed&quot;:5000,&quot;infinite&quot;:&quot;true&quot;,&quot;center_mode&quot;:&quot;&quot;,&quot;effect&quot;:&quot;slide&quot;,&quot;speed&quot;:500,&quot;inject_alternative_items&quot;:&quot;&quot;,&quot;injection_items&quot;:[],&quot;scroll_slider_enabled&quot;:&quot;&quot;,&quot;scroll_slider_on&quot;:[&quot;desktop&quot;,&quot;tablet&quot;,&quot;mobile&quot;],&quot;custom_query&quot;:false,&quot;custom_query_id&quot;:&quot;&quot;,&quot;_element_id&quot;:&quot;&quot;,&quot;collapse_first_last_gap&quot;:false,&quot;list_tag_selection&quot;:&quot;&quot;,&quot;list_items_wrapper_tag&quot;:&quot;div&quot;,&quot;list_item_tag&quot;:&quot;div&quot;,&quot;empty_items_wrapper_tag&quot;:&quot;div&quot;}}\" data-page=\"1\" data-pages=\"1\" data-listing-source=\"posts\" data-listing-id=\"2411\" data-query-id=\"\"><div class=\"jet-listing-grid__item jet-listing-dynamic-post-4068 jet-equal-columns\" data-post-id=\"4068\"  ><div class=\"jet-engine-listing-overlay-wrap\" data-url=\"https:\/\/www.der-deutsche-innovationspreis.de\/award\/rueckblick-2019\/\" data-target=\"_blank\">\t\t<div data-elementor-type=\"jet-listing-items\" data-elementor-id=\"4071\" class=\"elementor elementor-4071 elementor-2411\" data-elementor-post-type=\"jet-engine\">\n\t\t\t\t\t\t<section class=\"elementor-section elementor-top-section elementor-element elementor-element-7200438 elementor-section-boxed elementor-section-height-default elementor-section-height-default\" data-id=\"7200438\" data-element_type=\"section\" data-e-type=\"section\">\n\t\t\t\t\t\t<div class=\"elementor-container elementor-column-gap-no\">\n\t\t\t\t\t<div class=\"elementor-column elementor-col-100 elementor-top-column elementor-element elementor-element-b81a42b\" data-id=\"b81a42b\" data-element_type=\"column\" data-e-type=\"column\">\n\t\t\t<div class=\"elementor-widget-wrap elementor-element-populated\">\n\t\t\t\t\t\t<div class=\"elementor-element elementor-element-bfb3944 elementor-position-top elementor-widget elementor-widget-image-box\" data-id=\"bfb3944\" data-element_type=\"widget\" data-e-type=\"widget\" data-widget_type=\"image-box.default\">\n\t\t\t\t<div class=\"elementor-widget-container\">\n\t\t\t\t\t<div class=\"elementor-image-box-wrapper\"><figure class=\"elementor-image-box-img\"><a href=\"https:\/\/www.der-deutsche-innovationspreis.de\/award\/rueckblick-2019\/\" tabindex=\"-1\" rel=\"nofollow noopener\" target=\"_blank\"><img fetchpriority=\"high\" decoding=\"async\" width=\"605\" height=\"195\" src=\"https:\/\/www.blickfeld.com\/wp-content\/uploads\/2021\/07\/logo-der-deutsche-innovationspreis.png\" class=\"attachment-medium_large size-medium_large wp-image-4069\" alt=\"\" srcset=\"https:\/\/www.blickfeld.com\/wp-content\/uploads\/2021\/07\/logo-der-deutsche-innovationspreis.png 605w, https:\/\/www.blickfeld.com\/wp-content\/uploads\/2021\/07\/logo-der-deutsche-innovationspreis-300x97.png 300w\" sizes=\"(max-width: 605px) 100vw, 605px\" \/><\/a><\/figure><div class=\"elementor-image-box-content\"><h2 class=\"elementor-image-box-title\"><a href=\"https:\/\/www.der-deutsche-innovationspreis.de\/award\/rueckblick-2019\/\" rel=\"nofollow noopener\" target=\"_blank\">Der Deutsche Innovationspreis<\/a><\/h2><p class=\"elementor-image-box-description\">Innovationen l\u00f6sen Herausforderungen, lassen neue Unternehmen entstehen und stellen ganze Branchen auf den Kopf. Der Preis. der seit 2010 von WirtschaftsWoche, Accenture und EnBW vergeben wird, zeichnet zukunftsweisende Projekte deutscher Unternehmen aus, die mit ihrer Innovationskraft Gesch\u00e4ft und M\u00e4rkte ver\u00e4ndern.<\/p><\/div><\/div>\t\t\t\t<\/div>\n\t\t\t\t<\/div>\n\t\t\t\t<div class=\"elementor-element elementor-element-7d4d52d elementor-widget elementor-widget-button\" data-id=\"7d4d52d\" data-element_type=\"widget\" data-e-type=\"widget\" data-widget_type=\"button.default\">\n\t\t\t\t<div class=\"elementor-widget-container\">\n\t\t\t\t\t\t\t\t\t<div class=\"elementor-button-wrapper\">\n\t\t\t\t\t<a class=\"elementor-button elementor-button-link elementor-size-sm\" href=\"https:\/\/www.der-deutsche-innovationspreis.de\/award\/rueckblick-2019\/\" rel=\"nofollow noopener\" target=\"_blank\">\n\t\t\t\t\t\t<span class=\"elementor-button-content-wrapper\">\n\t\t\t\t\t\t\t\t\t<span class=\"elementor-button-text\">Weitere Informationen<\/span>\n\t\t\t\t\t<\/span>\n\t\t\t\t\t<\/a>\n\t\t\t\t<\/div>\n\t\t\t\t\t\t\t\t<\/div>\n\t\t\t\t<\/div>\n\t\t\t\t\t<\/div>\n\t\t<\/div>\n\t\t\t\t\t<\/div>\n\t\t<\/section>\n\t\t\t\t<\/div>\n\t\t<a href=\"https:\/\/www.der-deutsche-innovationspreis.de\/award\/rueckblick-2019\/\" class=\"jet-engine-listing-overlay-link\" target=\"_blank\" rel=\"nofollow noopener\"><\/a><\/div><\/div><div class=\"jet-listing-grid__item jet-listing-dynamic-post-4324 jet-equal-columns\" data-post-id=\"4324\"  ><div class=\"jet-engine-listing-overlay-wrap\" data-url=\"https:\/\/award.handelsblatt.com\/the-spark\/rueckblick-the-spark-2019\/\" data-target=\"_blank\">\t\t<div data-elementor-type=\"jet-listing-items\" data-elementor-id=\"4071\" class=\"elementor elementor-4071 elementor-2411\" data-elementor-post-type=\"jet-engine\">\n\t\t\t\t\t\t<section class=\"elementor-section elementor-top-section elementor-element elementor-element-7200438 elementor-section-boxed elementor-section-height-default elementor-section-height-default\" data-id=\"7200438\" data-element_type=\"section\" data-e-type=\"section\">\n\t\t\t\t\t\t<div class=\"elementor-container elementor-column-gap-no\">\n\t\t\t\t\t<div class=\"elementor-column elementor-col-100 elementor-top-column elementor-element elementor-element-b81a42b\" data-id=\"b81a42b\" data-element_type=\"column\" data-e-type=\"column\">\n\t\t\t<div class=\"elementor-widget-wrap elementor-element-populated\">\n\t\t\t\t\t\t<div class=\"elementor-element elementor-element-bfb3944 elementor-position-top elementor-widget elementor-widget-image-box\" data-id=\"bfb3944\" data-element_type=\"widget\" data-e-type=\"widget\" data-widget_type=\"image-box.default\">\n\t\t\t\t<div class=\"elementor-widget-container\">\n\t\t\t\t\t<div class=\"elementor-image-box-wrapper\"><figure class=\"elementor-image-box-img\"><a href=\"https:\/\/award.handelsblatt.com\/the-spark\/rueckblick-the-spark-2019\/\" tabindex=\"-1\" rel=\"nofollow noopener\" target=\"_blank\"><img decoding=\"async\" width=\"627\" height=\"381\" src=\"https:\/\/www.blickfeld.com\/wp-content\/uploads\/2021\/07\/the-spark-der-deutsche-digitalpreis.png\" class=\"attachment-medium_large size-medium_large wp-image-4325\" alt=\"\" srcset=\"https:\/\/www.blickfeld.com\/wp-content\/uploads\/2021\/07\/the-spark-der-deutsche-digitalpreis.png 627w, https:\/\/www.blickfeld.com\/wp-content\/uploads\/2021\/07\/the-spark-der-deutsche-digitalpreis-300x182.png 300w\" sizes=\"(max-width: 627px) 100vw, 627px\" \/><\/a><\/figure><div class=\"elementor-image-box-content\"><h2 class=\"elementor-image-box-title\"><a href=\"https:\/\/award.handelsblatt.com\/the-spark\/rueckblick-the-spark-2019\/\" rel=\"nofollow noopener\" target=\"_blank\">Deutscher Digitalpreis<\/a><\/h2><p class=\"elementor-image-box-description\">J\u00e4hrlich verleihen das Handelsblatt und McKinsey\u202f The Spark \u2013 Der Deutsche Digitalpreis\u202fan au\u00dfergew\u00f6hnliche und innovative Start-ups, deren Ideen das Potential haben, M\u00e4rkte grundlegend und nachhaltig zu ver\u00e4ndern.<\/p><\/div><\/div>\t\t\t\t<\/div>\n\t\t\t\t<\/div>\n\t\t\t\t<div class=\"elementor-element elementor-element-7d4d52d elementor-widget elementor-widget-button\" data-id=\"7d4d52d\" data-element_type=\"widget\" data-e-type=\"widget\" data-widget_type=\"button.default\">\n\t\t\t\t<div class=\"elementor-widget-container\">\n\t\t\t\t\t\t\t\t\t<div class=\"elementor-button-wrapper\">\n\t\t\t\t\t<a class=\"elementor-button elementor-button-link elementor-size-sm\" href=\"https:\/\/award.handelsblatt.com\/the-spark\/rueckblick-the-spark-2019\/\" rel=\"nofollow noopener\" target=\"_blank\">\n\t\t\t\t\t\t<span class=\"elementor-button-content-wrapper\">\n\t\t\t\t\t\t\t\t\t<span class=\"elementor-button-text\">Weitere Informationen<\/span>\n\t\t\t\t\t<\/span>\n\t\t\t\t\t<\/a>\n\t\t\t\t<\/div>\n\t\t\t\t\t\t\t\t<\/div>\n\t\t\t\t<\/div>\n\t\t\t\t\t<\/div>\n\t\t<\/div>\n\t\t\t\t\t<\/div>\n\t\t<\/section>\n\t\t\t\t<\/div>\n\t\t<a href=\"https:\/\/award.handelsblatt.com\/the-spark\/rueckblick-the-spark-2019\/\" class=\"jet-engine-listing-overlay-link\" target=\"_blank\" rel=\"nofollow noopener\"><\/a><\/div><\/div><div class=\"jet-listing-grid__item jet-listing-dynamic-post-4328 jet-equal-columns\" data-post-id=\"4328\"  ><div class=\"jet-engine-listing-overlay-wrap\" data-url=\"https:\/\/de.theospas.com\/\" data-target=\"_blank\">\t\t<div data-elementor-type=\"jet-listing-items\" data-elementor-id=\"4071\" class=\"elementor elementor-4071 elementor-2411\" data-elementor-post-type=\"jet-engine\">\n\t\t\t\t\t\t<section class=\"elementor-section elementor-top-section elementor-element elementor-element-7200438 elementor-section-boxed elementor-section-height-default elementor-section-height-default\" data-id=\"7200438\" data-element_type=\"section\" data-e-type=\"section\">\n\t\t\t\t\t\t<div class=\"elementor-container elementor-column-gap-no\">\n\t\t\t\t\t<div class=\"elementor-column elementor-col-100 elementor-top-column elementor-element elementor-element-b81a42b\" data-id=\"b81a42b\" data-element_type=\"column\" data-e-type=\"column\">\n\t\t\t<div class=\"elementor-widget-wrap elementor-element-populated\">\n\t\t\t\t\t\t<div class=\"elementor-element elementor-element-bfb3944 elementor-position-top elementor-widget elementor-widget-image-box\" data-id=\"bfb3944\" data-element_type=\"widget\" data-e-type=\"widget\" data-widget_type=\"image-box.default\">\n\t\t\t\t<div class=\"elementor-widget-container\">\n\t\t\t\t\t<div class=\"elementor-image-box-wrapper\"><figure class=\"elementor-image-box-img\"><a href=\"https:\/\/de.theospas.com\/\" tabindex=\"-1\" rel=\"nofollow noopener\" target=\"_blank\"><img decoding=\"async\" width=\"481\" height=\"524\" src=\"https:\/\/www.blickfeld.com\/wp-content\/uploads\/2024\/12\/Ospa-Winner-logo-2024.png\" class=\"attachment-medium_large size-medium_large wp-image-33321\" alt=\"OspasWinner logo 2024\" srcset=\"https:\/\/www.blickfeld.com\/wp-content\/uploads\/2024\/12\/Ospa-Winner-logo-2024.png 481w, https:\/\/www.blickfeld.com\/wp-content\/uploads\/2024\/12\/Ospa-Winner-logo-2024-275x300.png 275w\" sizes=\"(max-width: 481px) 100vw, 481px\" \/><\/a><\/figure><div class=\"elementor-image-box-content\"><h2 class=\"elementor-image-box-title\"><a href=\"https:\/\/de.theospas.com\/\" rel=\"nofollow noopener\" target=\"_blank\">Outstanding Security Performance Awards<\/a><\/h2><p class=\"elementor-image-box-description\">Die Outstanding Security Performance Awards (OPSAs) zeichnen Unternehmen, Teams und Einzelpersonen der Sicherheitsbranche aus, die durch herausragende Leistungen und Innovation \u00fcberzeugen. Blickfelds QbProtect wurde 2024 in der Kategorie \u201cHerausragendes neues Sicherheitsprodukt\u201d ausgezeichnet. Die Preisverleihung fand im Rahmen der 50-Jahr-Feier der Security Essen statt.<\/p><\/div><\/div>\t\t\t\t<\/div>\n\t\t\t\t<\/div>\n\t\t\t\t<div class=\"elementor-element elementor-element-7d4d52d elementor-widget elementor-widget-button\" data-id=\"7d4d52d\" data-element_type=\"widget\" data-e-type=\"widget\" data-widget_type=\"button.default\">\n\t\t\t\t<div class=\"elementor-widget-container\">\n\t\t\t\t\t\t\t\t\t<div class=\"elementor-button-wrapper\">\n\t\t\t\t\t<a class=\"elementor-button elementor-button-link elementor-size-sm\" href=\"https:\/\/de.theospas.com\/\" rel=\"nofollow noopener\" target=\"_blank\">\n\t\t\t\t\t\t<span class=\"elementor-button-content-wrapper\">\n\t\t\t\t\t\t\t\t\t<span class=\"elementor-button-text\">Weitere Informationen<\/span>\n\t\t\t\t\t<\/span>\n\t\t\t\t\t<\/a>\n\t\t\t\t<\/div>\n\t\t\t\t\t\t\t\t<\/div>\n\t\t\t\t<\/div>\n\t\t\t\t\t<\/div>\n\t\t<\/div>\n\t\t\t\t\t<\/div>\n\t\t<\/section>\n\t\t\t\t<\/div>\n\t\t<a href=\"https:\/\/de.theospas.com\/\" class=\"jet-engine-listing-overlay-link\" target=\"_blank\" rel=\"nofollow noopener\"><\/a><\/div><\/div><div class=\"jet-listing-grid__item jet-listing-dynamic-post-4330 jet-equal-columns\" data-post-id=\"4330\"  ><div class=\"jet-engine-listing-overlay-wrap\" data-url=\"https:\/\/securex.pl\/en\/exhibitors\/awards\/gold-medal-competition\/\" data-target=\"_blank\">\t\t<div data-elementor-type=\"jet-listing-items\" data-elementor-id=\"4071\" class=\"elementor elementor-4071 elementor-2411\" data-elementor-post-type=\"jet-engine\">\n\t\t\t\t\t\t<section class=\"elementor-section elementor-top-section elementor-element elementor-element-7200438 elementor-section-boxed elementor-section-height-default elementor-section-height-default\" data-id=\"7200438\" data-element_type=\"section\" data-e-type=\"section\">\n\t\t\t\t\t\t<div class=\"elementor-container elementor-column-gap-no\">\n\t\t\t\t\t<div class=\"elementor-column elementor-col-100 elementor-top-column elementor-element elementor-element-b81a42b\" data-id=\"b81a42b\" data-element_type=\"column\" data-e-type=\"column\">\n\t\t\t<div class=\"elementor-widget-wrap elementor-element-populated\">\n\t\t\t\t\t\t<div class=\"elementor-element elementor-element-bfb3944 elementor-position-top elementor-widget elementor-widget-image-box\" data-id=\"bfb3944\" data-element_type=\"widget\" data-e-type=\"widget\" data-widget_type=\"image-box.default\">\n\t\t\t\t<div class=\"elementor-widget-container\">\n\t\t\t\t\t<div class=\"elementor-image-box-wrapper\"><figure class=\"elementor-image-box-img\"><a href=\"https:\/\/securex.pl\/en\/exhibitors\/awards\/gold-medal-competition\/\" tabindex=\"-1\" rel=\"nofollow noopener\" target=\"_blank\"><img loading=\"lazy\" decoding=\"async\" width=\"390\" height=\"390\" src=\"https:\/\/www.blickfeld.com\/wp-content\/uploads\/2021\/07\/securex-gold-medal.png\" class=\"attachment-medium_large size-medium_large wp-image-33333\" alt=\"\" srcset=\"https:\/\/www.blickfeld.com\/wp-content\/uploads\/2021\/07\/securex-gold-medal.png 390w, https:\/\/www.blickfeld.com\/wp-content\/uploads\/2021\/07\/securex-gold-medal-300x300.png 300w, https:\/\/www.blickfeld.com\/wp-content\/uploads\/2021\/07\/securex-gold-medal-80x80.png 80w\" sizes=\"(max-width: 390px) 100vw, 390px\" \/><\/a><\/figure><div class=\"elementor-image-box-content\"><h2 class=\"elementor-image-box-title\"><a href=\"https:\/\/securex.pl\/en\/exhibitors\/awards\/gold-medal-competition\/\" rel=\"nofollow noopener\" target=\"_blank\">Securex Gold Medal Award<\/a><\/h2><p class=\"elementor-image-box-description\">Der Securex Gold Medal Award wird auf Polens gr\u00f6\u00dfter Sicherheitsmesse Securex verliehen und w\u00fcrdigt innovative L\u00f6sungen und Produkte, die sich durch Qualit\u00e4t und Nutzen in der Sicherheitsbranche auszeichnen. Blickfeld wurde gemeinsam mit Partner RCS Engineering ausgezeichnet und erhielt Anerkennung f\u00fcr die wegweisende 3D-LiDAR-Technologie im Bereich Perimeterschutz.<\/p><\/div><\/div>\t\t\t\t<\/div>\n\t\t\t\t<\/div>\n\t\t\t\t<div class=\"elementor-element elementor-element-7d4d52d elementor-widget elementor-widget-button\" data-id=\"7d4d52d\" data-element_type=\"widget\" data-e-type=\"widget\" data-widget_type=\"button.default\">\n\t\t\t\t<div class=\"elementor-widget-container\">\n\t\t\t\t\t\t\t\t\t<div class=\"elementor-button-wrapper\">\n\t\t\t\t\t<a class=\"elementor-button elementor-button-link elementor-size-sm\" href=\"https:\/\/securex.pl\/en\/exhibitors\/awards\/gold-medal-competition\/\" rel=\"nofollow noopener\" target=\"_blank\">\n\t\t\t\t\t\t<span class=\"elementor-button-content-wrapper\">\n\t\t\t\t\t\t\t\t\t<span class=\"elementor-button-text\">Weitere Informationen<\/span>\n\t\t\t\t\t<\/span>\n\t\t\t\t\t<\/a>\n\t\t\t\t<\/div>\n\t\t\t\t\t\t\t\t<\/div>\n\t\t\t\t<\/div>\n\t\t\t\t\t<\/div>\n\t\t<\/div>\n\t\t\t\t\t<\/div>\n\t\t<\/section>\n\t\t\t\t<\/div>\n\t\t<a href=\"https:\/\/securex.pl\/en\/exhibitors\/awards\/gold-medal-competition\/\" class=\"jet-engine-listing-overlay-link\" target=\"_blank\" rel=\"nofollow noopener\"><\/a><\/div><\/div><div class=\"jet-listing-grid__item jet-listing-dynamic-post-4333 jet-equal-columns\" data-post-id=\"4333\"  ><div class=\"jet-engine-listing-overlay-wrap\" data-url=\"https:\/\/git-sicherheit.de\/en\/\" data-target=\"_blank\">\t\t<div data-elementor-type=\"jet-listing-items\" data-elementor-id=\"4071\" class=\"elementor elementor-4071 elementor-2411\" data-elementor-post-type=\"jet-engine\">\n\t\t\t\t\t\t<section class=\"elementor-section elementor-top-section elementor-element elementor-element-7200438 elementor-section-boxed elementor-section-height-default elementor-section-height-default\" data-id=\"7200438\" data-element_type=\"section\" data-e-type=\"section\">\n\t\t\t\t\t\t<div class=\"elementor-container elementor-column-gap-no\">\n\t\t\t\t\t<div class=\"elementor-column elementor-col-100 elementor-top-column elementor-element elementor-element-b81a42b\" data-id=\"b81a42b\" data-element_type=\"column\" data-e-type=\"column\">\n\t\t\t<div class=\"elementor-widget-wrap elementor-element-populated\">\n\t\t\t\t\t\t<div class=\"elementor-element elementor-element-bfb3944 elementor-position-top elementor-widget elementor-widget-image-box\" data-id=\"bfb3944\" data-element_type=\"widget\" data-e-type=\"widget\" data-widget_type=\"image-box.default\">\n\t\t\t\t<div class=\"elementor-widget-container\">\n\t\t\t\t\t<div class=\"elementor-image-box-wrapper\"><figure class=\"elementor-image-box-img\"><a href=\"https:\/\/git-sicherheit.de\/en\/\" tabindex=\"-1\" rel=\"nofollow noopener\" target=\"_blank\"><img loading=\"lazy\" decoding=\"async\" width=\"500\" height=\"453\" src=\"https:\/\/www.blickfeld.com\/wp-content\/uploads\/2021\/07\/GSA2025_finalist-en-klein.jpg\" class=\"attachment-medium_large size-medium_large wp-image-33337\" alt=\"\" srcset=\"https:\/\/www.blickfeld.com\/wp-content\/uploads\/2021\/07\/GSA2025_finalist-en-klein.jpg 500w, https:\/\/www.blickfeld.com\/wp-content\/uploads\/2021\/07\/GSA2025_finalist-en-klein-300x272.jpg 300w\" sizes=\"(max-width: 500px) 100vw, 500px\" \/><\/a><\/figure><div class=\"elementor-image-box-content\"><h2 class=\"elementor-image-box-title\"><a href=\"https:\/\/git-sicherheit.de\/en\/\" rel=\"nofollow noopener\" target=\"_blank\">GIT Security Award<\/a><\/h2><p class=\"elementor-image-box-description\">Der GIT SECURITY Award pr\u00e4miert neue, innovative Sicherheitsl\u00f6sungen in den Kategorien Safety, Security und Automation. Blickfelds QbProtect \u00fcberzeugte durch seine innovative, DSGVO-konforme und zuverl\u00e4ssige Perimeterschutzl\u00f6sung und wurde 2024 in der Kategorie \u201cGeb\u00e4udesicherheit und Perimeterschutz\u201d als Finalist nominiert.<\/p><\/div><\/div>\t\t\t\t<\/div>\n\t\t\t\t<\/div>\n\t\t\t\t<div class=\"elementor-element elementor-element-7d4d52d elementor-widget elementor-widget-button\" data-id=\"7d4d52d\" data-element_type=\"widget\" data-e-type=\"widget\" data-widget_type=\"button.default\">\n\t\t\t\t<div class=\"elementor-widget-container\">\n\t\t\t\t\t\t\t\t\t<div class=\"elementor-button-wrapper\">\n\t\t\t\t\t<a class=\"elementor-button elementor-button-link elementor-size-sm\" href=\"https:\/\/git-sicherheit.de\/en\/\" rel=\"nofollow noopener\" target=\"_blank\">\n\t\t\t\t\t\t<span class=\"elementor-button-content-wrapper\">\n\t\t\t\t\t\t\t\t\t<span class=\"elementor-button-text\">Weitere Informationen<\/span>\n\t\t\t\t\t<\/span>\n\t\t\t\t\t<\/a>\n\t\t\t\t<\/div>\n\t\t\t\t\t\t\t\t<\/div>\n\t\t\t\t<\/div>\n\t\t\t\t\t<\/div>\n\t\t<\/div>\n\t\t\t\t\t<\/div>\n\t\t<\/section>\n\t\t\t\t<\/div>\n\t\t<a href=\"https:\/\/git-sicherheit.de\/en\/\" class=\"jet-engine-listing-overlay-link\" target=\"_blank\" rel=\"nofollow noopener\"><\/a><\/div><\/div><\/div><\/div>\t\t\t\t<\/div>\n\t\t\t\t<\/div>\n\t\t\t\t\t<\/div>\n\t\t<\/div>\n\t\t\t\t\t<\/div>\n\t\t<\/section>\n\t\t\t\t<\/div>\n\t\t","protected":false},"excerpt":{"rendered":"<p>Awards Blickfeld wurde f\u00fcr seine herausragende Technologie mit einer Vielzahl von renommierten Preisen ausgezeichnet. Hervorgehobene Auswahl an Auszeichnungen Weitere Informationen Weitere Informationen Weitere Informationen Weitere Informationen Weitere Informationen Weitere Informationen<\/p>\n","protected":false},"author":2,"featured_media":11641,"parent":0,"menu_order":0,"comment_status":"closed","ping_status":"closed","template":"","meta":{"footnotes":""},"class_list":["post-4064","page","type-page","status-publish","has-post-thumbnail","hentry"],"_links":{"self":[{"href":"https:\/\/www.blickfeld.com\/de\/wp-json\/wp\/v2\/pages\/4064","targetHints":{"allow":["GET"]}}],"collection":[{"href":"https:\/\/www.blickfeld.com\/de\/wp-json\/wp\/v2\/pages"}],"about":[{"href":"https:\/\/www.blickfeld.com\/de\/wp-json\/wp\/v2\/types\/page"}],"author":[{"embeddable":true,"href":"https:\/\/www.blickfeld.com\/de\/wp-json\/wp\/v2\/users\/2"}],"replies":[{"embeddable":true,"href":"https:\/\/www.blickfeld.com\/de\/wp-json\/wp\/v2\/comments?post=4064"}],"version-history":[{"count":2,"href":"https:\/\/www.blickfeld.com\/de\/wp-json\/wp\/v2\/pages\/4064\/revisions"}],"predecessor-version":[{"id":38120,"href":"https:\/\/www.blickfeld.com\/de\/wp-json\/wp\/v2\/pages\/4064\/revisions\/38120"}],"wp:featuredmedia":[{"embeddable":true,"href":"https:\/\/www.blickfeld.com\/de\/wp-json\/wp\/v2\/media\/11641"}],"wp:attachment":[{"href":"https:\/\/www.blickfeld.com\/de\/wp-json\/wp\/v2\/media?parent=4064"}],"curies":[{"name":"wp","href":"https:\/\/api.w.org\/{rel}","templated":true}]}}